{"id":13,"date":"2013-05-30T10:53:29","date_gmt":"2013-05-30T09:53:29","guid":{"rendered":"http:\/\/www.horsesense.fr\/?page_id=13"},"modified":"2024-05-26T14:03:42","modified_gmt":"2024-05-26T12:03:42","slug":"horsesense-france","status":"publish","type":"page","link":"https:\/\/www.saskiacheval.com\/horsesense\/horsesense-france\/","title":{"rendered":"HorseSense France"},"content":{"rendered":"<p style=\"text-align: left;\"><strong>Rencontre <\/strong>de deux femmes partageant les m\u00eames passions,\u00a0le d\u00e9veloppement humain et la relation homme-cheval.<br \/>\n<strong>D\u00e9couverte<\/strong> de la compl\u00e9mentarit\u00e9 de leurs comp\u00e9tences respectives\u00a0visant un m\u00eame but : la recherche d\u2019une efficacit\u00e9 optimale dans les relations.<br \/>\n<strong>Envie partag\u00e9e<\/strong> de co-construire une d\u00e9marche innovante\u00a0dans l\u2019accompagnement des \u00e9quipes et des hommes permettant performance et plaisir.<\/p>\n<p style=\"text-align: left;\">Ainsi est n\u00e9 <strong>HorseSense<\/strong>,\u00a0au service de l\u2019Entreprise, de l\u2019Homme et de sa progression.<\/p>\n\n\t\t<style>\n\t\t\t#gallery-1 {\n\t\t\t\tmargin: auto;\n\t\t\t}\n\t\t\t#gallery-1 .gallery-item {\n\t\t\t\tfloat: left;\n\t\t\t\tmargin-top: 10px;\n\t\t\t\ttext-align: center;\n\t\t\t\twidth: 20%;\n\t\t\t}\n\t\t\t#gallery-1 img {\n\t\t\t\tborder: 2px solid #cfcfcf;\n\t\t\t}\n\t\t\t#gallery-1 .gallery-caption {\n\t\t\t\tmargin-left: 0;\n\t\t\t}\n\t\t\t\/* see gallery_shortcode() in wp-includes\/media.php *\/\n\t\t<\/style>\n\t\t<div id='gallery-1' class='gallery galleryid-13 gallery-columns-5 gallery-size-medium'><dl class='gallery-item'>\n\t\t\t<dt class='gallery-icon landscape'>\n\t\t\t\t<a href='https:\/\/www.saskiacheval.com\/horsesense\/horsesense-france\/logo-synpaac\/'><img loading=\"lazy\" decoding=\"async\" width=\"300\" height=\"266\" src=\"https:\/\/i0.wp.com\/www.saskiacheval.com\/horsesense\/wp-content\/uploads\/2017\/06\/logo-synpaac-1.jpg?fit=300%2C266&amp;ssl=1\" class=\"attachment-medium size-medium\" alt=\"\" srcset=\"https:\/\/i0.wp.com\/www.saskiacheval.com\/horsesense\/wp-content\/uploads\/2017\/06\/logo-synpaac-1.jpg?w=400&amp;ssl=1 400w, https:\/\/i0.wp.com\/www.saskiacheval.com\/horsesense\/wp-content\/uploads\/2017\/06\/logo-synpaac-1.jpg?resize=300%2C266&amp;ssl=1 300w\" sizes=\"auto, (max-width: 300px) 100vw, 300px\" \/><\/a>\n\t\t\t<\/dt><\/dl><dl class='gallery-item'>\n\t\t\t<dt class='gallery-icon landscape'>\n\t\t\t\t<a href='https:\/\/www.saskiacheval.com\/horsesense\/eponaquest-logo\/'><img loading=\"lazy\" decoding=\"async\" width=\"130\" height=\"130\" src=\"https:\/\/i0.wp.com\/www.saskiacheval.com\/horsesense\/wp-content\/uploads\/2013\/10\/eponaquest-logo.jpg?fit=130%2C130&amp;ssl=1\" class=\"attachment-medium size-medium\" alt=\"\" \/><\/a>\n\t\t\t<\/dt><\/dl><dl class='gallery-item'>\n\t\t\t<dt class='gallery-icon landscape'>\n\t\t\t\t<a href='https:\/\/www.saskiacheval.com\/horsesense\/saskia_accueil\/'><img loading=\"lazy\" decoding=\"async\" width=\"300\" height=\"284\" src=\"https:\/\/i0.wp.com\/www.saskiacheval.com\/horsesense\/wp-content\/uploads\/2013\/06\/saskia_accueil.jpg?fit=300%2C284&amp;ssl=1\" class=\"attachment-medium size-medium\" alt=\"\" srcset=\"https:\/\/i0.wp.com\/www.saskiacheval.com\/horsesense\/wp-content\/uploads\/2013\/06\/saskia_accueil.jpg?w=540&amp;ssl=1 540w, https:\/\/i0.wp.com\/www.saskiacheval.com\/horsesense\/wp-content\/uploads\/2013\/06\/saskia_accueil.jpg?resize=300%2C284&amp;ssl=1 300w\" sizes=\"auto, (max-width: 300px) 100vw, 300px\" \/><\/a>\n\t\t\t<\/dt><\/dl><dl class='gallery-item'>\n\t\t\t<dt class='gallery-icon landscape'>\n\t\t\t\t<a href='https:\/\/www.saskiacheval.com\/horsesense\/saskia-machaczek\/the_france_logo-300x160\/'><img loading=\"lazy\" decoding=\"async\" width=\"300\" height=\"160\" src=\"https:\/\/i0.wp.com\/www.saskiacheval.com\/horsesense\/wp-content\/uploads\/2019\/04\/THE_France_logo-300x160-1.png?fit=300%2C160&amp;ssl=1\" class=\"attachment-medium size-medium\" alt=\"\" \/><\/a>\n\t\t\t<\/dt><\/dl><dl class='gallery-item'>\n\t\t\t<dt class='gallery-icon landscape'>\n\t\t\t\t<a href='https:\/\/www.saskiacheval.com\/horsesense\/logo_ffe\/'><img loading=\"lazy\" decoding=\"async\" width=\"141\" height=\"73\" src=\"https:\/\/i0.wp.com\/www.saskiacheval.com\/horsesense\/wp-content\/uploads\/2013\/06\/logo_ffe.png?fit=141%2C73&amp;ssl=1\" class=\"attachment-medium size-medium\" alt=\"\" \/><\/a>\n\t\t\t<\/dt><\/dl><br style=\"clear: both\" \/>\n\t\t<\/div>\n\n<p style=\"text-align: left;\">\n","protected":false},"excerpt":{"rendered":"<p>Rencontre de deux femmes partageant les m\u00eames passions,\u00a0le d\u00e9veloppement humain et la relation homme-cheval. D\u00e9couverte de la compl\u00e9mentarit\u00e9 de leurs comp\u00e9tences respectives\u00a0visant un m\u00eame but : la recherche d\u2019une efficacit\u00e9 optimale dans les relations.&#46;&#46;&#46;<\/p>\n","protected":false},"author":1,"featured_media":0,"parent":0,"menu_order":0,"comment_status":"closed","ping_status":"closed","template":"","meta":{"footnotes":""},"class_list":["post-13","page","type-page","status-publish","hentry"],"aioseo_notices":[],"jetpack_sharing_enabled":true,"_links":{"self":[{"href":"https:\/\/www.saskiacheval.com\/horsesense\/wp-json\/wp\/v2\/pages\/13","targetHints":{"allow":["GET"]}}],"collection":[{"href":"https:\/\/www.saskiacheval.com\/horsesense\/wp-json\/wp\/v2\/pages"}],"about":[{"href":"https:\/\/www.saskiacheval.com\/horsesense\/wp-json\/wp\/v2\/types\/page"}],"author":[{"embeddable":true,"href":"https:\/\/www.saskiacheval.com\/horsesense\/wp-json\/wp\/v2\/users\/1"}],"replies":[{"embeddable":true,"href":"https:\/\/www.saskiacheval.com\/horsesense\/wp-json\/wp\/v2\/comments?post=13"}],"version-history":[{"count":7,"href":"https:\/\/www.saskiacheval.com\/horsesense\/wp-json\/wp\/v2\/pages\/13\/revisions"}],"predecessor-version":[{"id":7000,"href":"https:\/\/www.saskiacheval.com\/horsesense\/wp-json\/wp\/v2\/pages\/13\/revisions\/7000"}],"wp:attachment":[{"href":"https:\/\/www.saskiacheval.com\/horsesense\/wp-json\/wp\/v2\/media?parent=13"}],"curies":[{"name":"wp","href":"https:\/\/api.w.org\/{rel}","templated":true}]}}