{"id":248,"date":"2013-06-06T14:24:25","date_gmt":"2013-06-06T13:24:25","guid":{"rendered":"http:\/\/www.horsesense.fr\/?page_id=248"},"modified":"2024-05-26T15:54:44","modified_gmt":"2024-05-26T13:54:44","slug":"awareness-corporel","status":"publish","type":"page","link":"https:\/\/www.saskiacheval.com\/horsesense\/nos-offres\/awareness-corporel\/","title":{"rendered":"Awareness corporel"},"content":{"rendered":"<p>Prendre conscience de l\u2019impact de mon comportement non verbal, dans mes relations.<br \/>\nPar ses capacit\u00e9s extra-sensorielles tr\u00e8s d\u00e9velopp\u00e9es, Le cheval facilite une meilleure prise de conscience de l\u2019impact de mon corps et de mes \u00e9motions dans la relation.<br \/>\nIl me permet d\u2019identifier mes comportements efficaces ou contre-productifs et de\u00a0 tester dans l\u2019instant d\u2019autres modes de fonctionnement.<\/p>\n<p><strong>L\u2019entreprise et son \u00e9volution<\/strong><\/p>\n<ul>\n<li>L\u2019\u00e9volution des styles de management<\/li>\n<li>Plus de coop\u00e9ration<\/li>\n<li>Les demandes des nouvelles g\u00e9n\u00e9rations<\/li>\n<li>L\u2019innovation au service de la gestion de crise<\/li>\n<\/ul>\n<p>3 jours<\/p>\n","protected":false},"excerpt":{"rendered":"<p>Prendre conscience de l\u2019impact de mon comportement non verbal, dans mes relations. Par ses capacit\u00e9s extra-sensorielles tr\u00e8s d\u00e9velopp\u00e9es, Le cheval facilite une meilleure prise de conscience de l\u2019impact de mon corps et de mes&#46;&#46;&#46;<\/p>\n","protected":false},"author":1,"featured_media":0,"parent":858,"menu_order":0,"comment_status":"closed","ping_status":"closed","template":"","meta":{"footnotes":""},"class_list":["post-248","page","type-page","status-publish","hentry"],"aioseo_notices":[],"jetpack_sharing_enabled":true,"_links":{"self":[{"href":"https:\/\/www.saskiacheval.com\/horsesense\/wp-json\/wp\/v2\/pages\/248","targetHints":{"allow":["GET"]}}],"collection":[{"href":"https:\/\/www.saskiacheval.com\/horsesense\/wp-json\/wp\/v2\/pages"}],"about":[{"href":"https:\/\/www.saskiacheval.com\/horsesense\/wp-json\/wp\/v2\/types\/page"}],"author":[{"embeddable":true,"href":"https:\/\/www.saskiacheval.com\/horsesense\/wp-json\/wp\/v2\/users\/1"}],"replies":[{"embeddable":true,"href":"https:\/\/www.saskiacheval.com\/horsesense\/wp-json\/wp\/v2\/comments?post=248"}],"version-history":[{"count":1,"href":"https:\/\/www.saskiacheval.com\/horsesense\/wp-json\/wp\/v2\/pages\/248\/revisions"}],"predecessor-version":[{"id":7017,"href":"https:\/\/www.saskiacheval.com\/horsesense\/wp-json\/wp\/v2\/pages\/248\/revisions\/7017"}],"up":[{"embeddable":true,"href":"https:\/\/www.saskiacheval.com\/horsesense\/wp-json\/wp\/v2\/pages\/858"}],"wp:attachment":[{"href":"https:\/\/www.saskiacheval.com\/horsesense\/wp-json\/wp\/v2\/media?parent=248"}],"curies":[{"name":"wp","href":"https:\/\/api.w.org\/{rel}","templated":true}]}}