{"id":251,"date":"2013-06-06T14:27:26","date_gmt":"2013-06-06T13:27:26","guid":{"rendered":"http:\/\/www.horsesense.fr\/?page_id=251"},"modified":"2024-05-26T15:56:22","modified_gmt":"2024-05-26T13:56:22","slug":"seminaire-dequipe","status":"publish","type":"page","link":"https:\/\/www.saskiacheval.com\/horsesense\/nos-offres\/seminaire-dequipe\/","title":{"rendered":"S\u00e9minaire d\u2019\u00e9quipe"},"content":{"rendered":"<ul>\n<li>En fonction de vos objectifs, nous d\u00e9veloppons un accompagnement sur mesure ponctuel, team building,\u00a0 ou \u00e9tal\u00e9 dans le temps, team coaching,\u00a0 qui soutient vos reflexions et plan d\u2019actions\u00a0 pour une meilleur efficacit\u00e9\u00a0 au sein de votre \u00e9quipe.<\/li>\n<\/ul>\n<p>Le cheval\u00a0 initiera des prises de conscience de vos modes de fonctionnement\u00a0 et renforcera la mise en \u0153uvre des plans d\u2019actions\u00a0 d\u00e9cid\u00e9s lors de cet instant d\u2019\u00e9change privil\u00e9gi\u00e9.<\/p>\n<ul>\n<li>A partir d\u2019une th\u00e9matique que vous voulez voir traiter par une \u00e9quipe,par exemple la confiance ou l\u2019engagement, nous alternons apports th\u00e9oriques, r\u00e9flexions collectives\u00a0 et exp\u00e9rienciel\u00a0 o\u00f9 le cheval vous surprendra gr\u00e2ce \u00e0\u00a0 son effet miroir du collectif.<\/li>\n<\/ul>\n","protected":false},"excerpt":{"rendered":"<p>En fonction de vos objectifs, nous d\u00e9veloppons un accompagnement sur mesure ponctuel, team building,\u00a0 ou \u00e9tal\u00e9 dans le temps, team coaching,\u00a0 qui soutient vos reflexions et plan d\u2019actions\u00a0 pour une meilleur efficacit\u00e9\u00a0 au sein&#46;&#46;&#46;<\/p>\n","protected":false},"author":1,"featured_media":0,"parent":858,"menu_order":0,"comment_status":"closed","ping_status":"closed","template":"","meta":{"footnotes":""},"class_list":["post-251","page","type-page","status-publish","hentry"],"aioseo_notices":[],"jetpack_sharing_enabled":true,"_links":{"self":[{"href":"https:\/\/www.saskiacheval.com\/horsesense\/wp-json\/wp\/v2\/pages\/251","targetHints":{"allow":["GET"]}}],"collection":[{"href":"https:\/\/www.saskiacheval.com\/horsesense\/wp-json\/wp\/v2\/pages"}],"about":[{"href":"https:\/\/www.saskiacheval.com\/horsesense\/wp-json\/wp\/v2\/types\/page"}],"author":[{"embeddable":true,"href":"https:\/\/www.saskiacheval.com\/horsesense\/wp-json\/wp\/v2\/users\/1"}],"replies":[{"embeddable":true,"href":"https:\/\/www.saskiacheval.com\/horsesense\/wp-json\/wp\/v2\/comments?post=251"}],"version-history":[{"count":1,"href":"https:\/\/www.saskiacheval.com\/horsesense\/wp-json\/wp\/v2\/pages\/251\/revisions"}],"predecessor-version":[{"id":7020,"href":"https:\/\/www.saskiacheval.com\/horsesense\/wp-json\/wp\/v2\/pages\/251\/revisions\/7020"}],"up":[{"embeddable":true,"href":"https:\/\/www.saskiacheval.com\/horsesense\/wp-json\/wp\/v2\/pages\/858"}],"wp:attachment":[{"href":"https:\/\/www.saskiacheval.com\/horsesense\/wp-json\/wp\/v2\/media?parent=251"}],"curies":[{"name":"wp","href":"https:\/\/api.w.org\/{rel}","templated":true}]}}