{"id":257,"date":"2013-06-06T14:29:16","date_gmt":"2013-06-06T13:29:16","guid":{"rendered":"http:\/\/www.horsesense.fr\/?page_id=257"},"modified":"2013-06-06T14:29:16","modified_gmt":"2013-06-06T13:29:16","slug":"formation-et-developpement-des-competences-manageriales","status":"publish","type":"page","link":"https:\/\/www.saskiacheval.com\/horsesense\/nos-offres\/formation-et-developpement-des-competences-manageriales\/","title":{"rendered":"Formation et d\u00e9veloppement des comp\u00e9tences manag\u00e9riales"},"content":{"rendered":"<p>Sous forme d\u2019ateliers th\u00e9matiques, nous travaillons avec le cheval des sujets tels que\u00a0:<\/p>\n<p>L\u2019autorit\u00e9 \u2013 la responsabilit\u00e9 \u2013 l\u2019engagement \u2013 l\u2019assertivit\u00e9 \u2013 la reconnaissance \u2013 la pr\u00e9sence \u2013 la confiance.\u00a0 \u2026<\/p>\n<p>Un entretien pr\u00e9alable permettra de valider avec vous les th\u00e8mes sp\u00e9cifiques et\u00a0 les comp\u00e9tences manag\u00e9riales que vous voulez voir d\u00e9velopper au sein de votre organisation.<\/p>\n","protected":false},"excerpt":{"rendered":"<p>Sous forme d\u2019ateliers th\u00e9matiques, nous travaillons avec le cheval des sujets tels que\u00a0: L\u2019autorit\u00e9 \u2013 la responsabilit\u00e9 \u2013 l\u2019engagement \u2013 l\u2019assertivit\u00e9 \u2013 la reconnaissance \u2013 la pr\u00e9sence \u2013 la confiance.\u00a0 \u2026 Un entretien pr\u00e9alable&#46;&#46;&#46;<\/p>\n","protected":false},"author":1,"featured_media":0,"parent":858,"menu_order":0,"comment_status":"closed","ping_status":"closed","template":"","meta":{"footnotes":""},"class_list":["post-257","page","type-page","status-publish","hentry"],"aioseo_notices":[],"jetpack_sharing_enabled":true,"_links":{"self":[{"href":"https:\/\/www.saskiacheval.com\/horsesense\/wp-json\/wp\/v2\/pages\/257","targetHints":{"allow":["GET"]}}],"collection":[{"href":"https:\/\/www.saskiacheval.com\/horsesense\/wp-json\/wp\/v2\/pages"}],"about":[{"href":"https:\/\/www.saskiacheval.com\/horsesense\/wp-json\/wp\/v2\/types\/page"}],"author":[{"embeddable":true,"href":"https:\/\/www.saskiacheval.com\/horsesense\/wp-json\/wp\/v2\/users\/1"}],"replies":[{"embeddable":true,"href":"https:\/\/www.saskiacheval.com\/horsesense\/wp-json\/wp\/v2\/comments?post=257"}],"version-history":[{"count":0,"href":"https:\/\/www.saskiacheval.com\/horsesense\/wp-json\/wp\/v2\/pages\/257\/revisions"}],"up":[{"embeddable":true,"href":"https:\/\/www.saskiacheval.com\/horsesense\/wp-json\/wp\/v2\/pages\/858"}],"wp:attachment":[{"href":"https:\/\/www.saskiacheval.com\/horsesense\/wp-json\/wp\/v2\/media?parent=257"}],"curies":[{"name":"wp","href":"https:\/\/api.w.org\/{rel}","templated":true}]}}