{"id":261,"date":"2013-06-06T14:31:47","date_gmt":"2013-06-06T13:31:47","guid":{"rendered":"http:\/\/www.horsesense.fr\/?page_id=261"},"modified":"2013-06-06T14:31:47","modified_gmt":"2013-06-06T13:31:47","slug":"approche-human-element","status":"publish","type":"page","link":"https:\/\/www.saskiacheval.com\/horsesense\/nos-offres\/approche-human-element\/","title":{"rendered":"Approche  Human element"},"content":{"rendered":"<p><strong>Formation Human element phase 1\u00a0(4 jours)<\/strong><\/p>\n<p>Clarifier la complexit\u00e9 des relations professionnelles par rapport \u00e0 soit m\u00eame et aux autres dans un objectif d\u2019am\u00e9liorer sa performance et celle de l\u2019\u00e9quipe.<br \/>\nLe cheval permet d\u2019am\u00e9liorer notre connaissance de qui nous sommes en\u00a0 travaillant sur\u00a0:<\/p>\n<p>&#8211; La compr\u00e9hension du comportement humain: la mani\u00e8re dont les personnes fonctionnent, ses interactions entre les individus.<br \/>\n&#8211; La Conscience de soi : Accroitre sa connaissance sur ses propres modes de fonctionnement et leurs cons\u00e9quences.<br \/>\n&#8211; L\u2019authenticit\u00e9 : \u00eatre vrai permet d\u2019am\u00e9liorer les relations interpersonnelles.<br \/>\n&#8211; L\u2019autod\u00e9termination : \u00eatre conscient de ses choix<br \/>\n&#8211; L\u2019Energie : trouver plaisir , cr\u00e9ativit\u00e9 et productivit\u00e9 en utilisant pleinement ses capacit\u00e9s.<\/p>\n<p><em id=\"__mceDel\"><br \/>\n<\/em><strong>Approfondissement Human element phase 1 (1 jour)<\/strong><br \/>\nRenforcer les prises de conscience acquises\u00a0 lors de la formation element humain phase 1 sur ses comportements et interactions, et approfondir\u00a0 par le regard du cheval\u00a0 sa pr\u00e9sence\u00a0 et son\u00a0 autodetermination.<\/p>\n<p><strong>Human element phase 2\u00a0(4 jours)<\/strong><br \/>\nD\u00e9velopper le leadership au sein de votre organisation gr\u00e2ce \u00e0 l\u2019effet miroir du cheval.<\/p>\n","protected":false},"excerpt":{"rendered":"<p>Formation Human element phase 1\u00a0(4 jours) Clarifier la complexit\u00e9 des relations professionnelles par rapport \u00e0 soit m\u00eame et aux autres dans un objectif d\u2019am\u00e9liorer sa performance et celle de l\u2019\u00e9quipe. Le cheval permet d\u2019am\u00e9liorer&#46;&#46;&#46;<\/p>\n","protected":false},"author":1,"featured_media":0,"parent":858,"menu_order":0,"comment_status":"closed","ping_status":"closed","template":"","meta":{"footnotes":""},"class_list":["post-261","page","type-page","status-publish","hentry"],"aioseo_notices":[],"jetpack_sharing_enabled":true,"_links":{"self":[{"href":"https:\/\/www.saskiacheval.com\/horsesense\/wp-json\/wp\/v2\/pages\/261","targetHints":{"allow":["GET"]}}],"collection":[{"href":"https:\/\/www.saskiacheval.com\/horsesense\/wp-json\/wp\/v2\/pages"}],"about":[{"href":"https:\/\/www.saskiacheval.com\/horsesense\/wp-json\/wp\/v2\/types\/page"}],"author":[{"embeddable":true,"href":"https:\/\/www.saskiacheval.com\/horsesense\/wp-json\/wp\/v2\/users\/1"}],"replies":[{"embeddable":true,"href":"https:\/\/www.saskiacheval.com\/horsesense\/wp-json\/wp\/v2\/comments?post=261"}],"version-history":[{"count":0,"href":"https:\/\/www.saskiacheval.com\/horsesense\/wp-json\/wp\/v2\/pages\/261\/revisions"}],"up":[{"embeddable":true,"href":"https:\/\/www.saskiacheval.com\/horsesense\/wp-json\/wp\/v2\/pages\/858"}],"wp:attachment":[{"href":"https:\/\/www.saskiacheval.com\/horsesense\/wp-json\/wp\/v2\/media?parent=261"}],"curies":[{"name":"wp","href":"https:\/\/api.w.org\/{rel}","templated":true}]}}