{"id":264,"date":"2013-06-06T14:32:41","date_gmt":"2013-06-06T13:32:41","guid":{"rendered":"http:\/\/www.horsesense.fr\/?page_id=264"},"modified":"2024-05-26T15:55:40","modified_gmt":"2024-05-26T13:55:40","slug":"coaching-individuel","status":"publish","type":"page","link":"https:\/\/www.saskiacheval.com\/horsesense\/nos-offres\/coaching-individuel\/","title":{"rendered":"Coaching individuel"},"content":{"rendered":"<p>Le cheval sera utilis\u00e9 au cours de votre accompagnement par un coach pour revisiter vos comportements et \u00e9motions sous un angle d\u00e9cal\u00e9 permettant d\u2019autres prises de conscience et axes de d\u00e9veloppement.<\/p>\n<p>Le nombre de s\u00e9ances est \u00e0 d\u00e9finir lors du 1<sup>er<\/sup>\u00a0entretien.<\/p>\n","protected":false},"excerpt":{"rendered":"<p>Le cheval sera utilis\u00e9 au cours de votre accompagnement par un coach pour revisiter vos comportements et \u00e9motions sous un angle d\u00e9cal\u00e9 permettant d\u2019autres prises de conscience et axes de d\u00e9veloppement. Le nombre de&#46;&#46;&#46;<\/p>\n","protected":false},"author":1,"featured_media":0,"parent":858,"menu_order":0,"comment_status":"closed","ping_status":"closed","template":"","meta":{"footnotes":""},"class_list":["post-264","page","type-page","status-publish","hentry"],"aioseo_notices":[],"jetpack_sharing_enabled":true,"_links":{"self":[{"href":"https:\/\/www.saskiacheval.com\/horsesense\/wp-json\/wp\/v2\/pages\/264","targetHints":{"allow":["GET"]}}],"collection":[{"href":"https:\/\/www.saskiacheval.com\/horsesense\/wp-json\/wp\/v2\/pages"}],"about":[{"href":"https:\/\/www.saskiacheval.com\/horsesense\/wp-json\/wp\/v2\/types\/page"}],"author":[{"embeddable":true,"href":"https:\/\/www.saskiacheval.com\/horsesense\/wp-json\/wp\/v2\/users\/1"}],"replies":[{"embeddable":true,"href":"https:\/\/www.saskiacheval.com\/horsesense\/wp-json\/wp\/v2\/comments?post=264"}],"version-history":[{"count":1,"href":"https:\/\/www.saskiacheval.com\/horsesense\/wp-json\/wp\/v2\/pages\/264\/revisions"}],"predecessor-version":[{"id":7019,"href":"https:\/\/www.saskiacheval.com\/horsesense\/wp-json\/wp\/v2\/pages\/264\/revisions\/7019"}],"up":[{"embeddable":true,"href":"https:\/\/www.saskiacheval.com\/horsesense\/wp-json\/wp\/v2\/pages\/858"}],"wp:attachment":[{"href":"https:\/\/www.saskiacheval.com\/horsesense\/wp-json\/wp\/v2\/media?parent=264"}],"curies":[{"name":"wp","href":"https:\/\/api.w.org\/{rel}","templated":true}]}}